{"id":31,"date":"2025-03-14T21:30:00","date_gmt":"2025-03-14T21:30:00","guid":{"rendered":"https:\/\/imobiliarianorecreio.com.br\/?page_id=31"},"modified":"2026-04-28T11:57:33","modified_gmt":"2026-04-28T11:57:33","slug":"home","status":"publish","type":"page","link":"https:\/\/imobiliarianorecreio.com.br\/","title":{"rendered":"Home"},"content":{"rendered":"\n\n\nrECREIo\n\n\n\n\n\n\n\n\n\n\n\n\n\n\nCONHE\u00c7A ALGUNS DE NOSSOS IM\u00d3VEIS NA REGI\u00c3O\n\n\n\n\n\n\n\n\n\n\n\n\n\n\n\n\n\n\n\n\n\n\nCASA DUPLEX\n<p style=\"box-sizing: inherit; font-family: Tahoma; color: rgb(10, 0, 0); text-decoration-style: initial; letter-spacing: normal; background-color: rgb(245, 245, 245);\">4 Quartos (2 Su\u00edtes) &#8211; 325m\u00b2 &#8211; 4 Vagas<\/p><p style=\"box-sizing: inherit; font-family: Tahoma; color: rgb(10, 0, 0); text-decoration-style: initial; letter-spacing: normal; background-color: rgb(245, 245, 245);\">CB0874 &#8211; R$ 2.800.000,00<\/p>\n\n\n\n\n\n\n\n\n\n\n\n\n\n\n\n\n\n\n\n\n\n\n\nCOBERTURA LINEAR\n<p style=\"box-sizing: inherit; font-family: Tahoma; color: rgb(10, 0, 0); text-decoration-style: initial; letter-spacing: normal; background-color: rgb(245, 245, 245);\">4 Quartos (2 Su\u00edtes) &#8211; 360m\u00b2 &#8211; 4 Vagas<\/p><p style=\"box-sizing: inherit; font-family: Tahoma; color: rgb(10, 0, 0); text-decoration-style: initial; letter-spacing: normal; background-color: rgb(245, 245, 245);\">MIR5123 &#8211; R$ 1.700.000,00<\/p>\n\n\n\n\n\n\n\n\n\n\n\n\n\n\n\n\n\n\n\n\nCOBERTURA DUPLEX\n<p style=\"box-sizing: inherit; font-family: Tahoma; color: rgb(10, 0, 0); text-decoration-style: initial; letter-spacing: normal; background-color: rgb(245, 245, 245);\">5 Quartos (5 Su\u00edtes) &#8211; 300m\u00b2 &#8211; 3 Vagas<\/p><p style=\"box-sizing: inherit; font-family: Tahoma; color: rgb(10, 0, 0); text-decoration-style: initial; letter-spacing: normal; background-color: rgb(245, 245, 245);\">MIR5153 &#8211; R$ 2.200.000,00<\/p>\n\n\n\n\n\n\n\n\n\n\n\n\n\n\n\n\n\n\n\n\n\n\n\n\n\n\n\n\n\nAPARTAMENTO\n<p style=\"box-sizing: inherit; font-family: Tahoma; color: rgb(10, 0, 0); text-decoration-style: initial; letter-spacing: normal; background-color: rgb(245, 245, 245);\">3 Quartos (1 Su\u00edte) &#8211; 80m\u00b2 &#8211; 2 Vagas<\/p><p style=\"box-sizing: inherit; font-family: Tahoma; color: rgb(10, 0, 0); text-decoration-style: initial; letter-spacing: normal; background-color: rgb(245, 245, 245);\">MIR5014 &#8211; R$ 680.000,00<\/p>\n\n\n\n\n\n\n\n\n\n\n\n\n\n\n\n\n\n\n\n\n\n\n\nCOBERTURA DUPLEX\n<p style=\"box-sizing: inherit; font-family: Tahoma; color: rgb(10, 0, 0); text-decoration-style: initial; letter-spacing: normal; background-color: rgb(245, 245, 245);\">3 Quartos (1 Su\u00edte) &#8211; 173m\u00b2 &#8211; 3 Vagas<\/p><p style=\"box-sizing: inherit; font-family: Tahoma; color: rgb(10, 0, 0); text-decoration-style: initial; letter-spacing: normal; background-color: rgb(245, 245, 245);\">MIR4723 &#8211; R$ 1.100.000,00<\/p>\n\n\n\n\n\n\n\n\n\n\n\n\n\n\n\n\n\n\n\n\nCASA DUPLEX\n<p style=\"box-sizing: inherit; font-family: Tahoma; color: rgb(10, 0, 0); text-decoration-style: initial; letter-spacing: normal; background-color: rgb(245, 245, 245);\">5 Quartos (4 Su\u00edtes) &#8211; 185m\u00b2 &#8211; 2 Vagas<\/p><p style=\"box-sizing: inherit; font-family: Tahoma; color: rgb(10, 0, 0); text-decoration-style: initial; letter-spacing: normal; background-color: rgb(245, 245, 245);\">CB0869 &#8211; R$ 1.300.000,00<\/p>\n\n\n\n\n\n\n\n\n\n\n","protected":false},"excerpt":{"rendered":"","protected":false},"author":1,"featured_media":0,"parent":0,"menu_order":0,"comment_status":"closed","ping_status":"closed","template":"","meta":{"footnotes":""},"class_list":["post-31","page","type-page","status-publish","hentry"],"_links":{"self":[{"href":"https:\/\/imobiliarianorecreio.com.br\/index.php?rest_route=\/wp\/v2\/pages\/31","targetHints":{"allow":["GET"]}}],"collection":[{"href":"https:\/\/imobiliarianorecreio.com.br\/index.php?rest_route=\/wp\/v2\/pages"}],"about":[{"href":"https:\/\/imobiliarianorecreio.com.br\/index.php?rest_route=\/wp\/v2\/types\/page"}],"author":[{"embeddable":true,"href":"https:\/\/imobiliarianorecreio.com.br\/index.php?rest_route=\/wp\/v2\/users\/1"}],"replies":[{"embeddable":true,"href":"https:\/\/imobiliarianorecreio.com.br\/index.php?rest_route=%2Fwp%2Fv2%2Fcomments&post=31"}],"version-history":[{"count":52,"href":"https:\/\/imobiliarianorecreio.com.br\/index.php?rest_route=\/wp\/v2\/pages\/31\/revisions"}],"predecessor-version":[{"id":149,"href":"https:\/\/imobiliarianorecreio.com.br\/index.php?rest_route=\/wp\/v2\/pages\/31\/revisions\/149"}],"wp:attachment":[{"href":"https:\/\/imobiliarianorecreio.com.br\/index.php?rest_route=%2Fwp%2Fv2%2Fmedia&parent=31"}],"curies":[{"name":"wp","href":"https:\/\/api.w.org\/{rel}","templated":true}]}}